{"id":2,"date":"2018-12-04T12:53:08","date_gmt":"2018-12-04T14:53:08","guid":{"rendered":"http:\/\/marcilioabreu.com.br\/sindbancos\/?page_id=2"},"modified":"2019-08-02T15:46:23","modified_gmt":"2019-08-02T18:46:23","slug":"institucional","status":"publish","type":"page","link":"https:\/\/www.sindbancos.com.br\/?page_id=2","title":{"rendered":"Quem Somos"},"content":{"rendered":"<p>Este Sindicato fundado em 1943, tem sido ao longo de sua hist\u00f3ria um ponto de converg\u00eancia dos interesses dos bancos, pelos quais tem uma extensa folha de servi\u00e7os e hist\u00f3ricas lutas na defesa do segmento. Abrangemos uma regi\u00e3o composta dos Estados de Pernambuco, Alagoas, Para\u00edba e Rio Grande do Norte.<\/p>\n<p>Atuando na presta\u00e7\u00e3o de servi\u00e7os aos associados, presta assessoramento jur\u00eddico aos bancos.<\/p>\n<p>O sindicato mant\u00e9m estreita conson\u00e2ncia com a FEBRABAN\/FENABAN e tem participa\u00e7\u00e3o de todas as grandes reivindica\u00e7\u00f5es da categoria econ\u00f4mica, como institui\u00e7\u00e3o representativa.<\/p>\n<p><!--more--><\/p>\n<p><strong>DIRETORIA:<\/strong><strong>\u00a0<\/strong><\/p>\n<p><strong>Presidente<\/strong>:<\/p>\n<p>Dr. Francisco Henrique Franca Fernandes (BRADESCO)<\/p>\n<p><strong>Diretor Tesoureiro<\/strong>:<\/p>\n<p>Dr. Jos\u00e9 Ricardo de Farias Rodrigues (BANCO DO NORDESTE)<\/p>\n<p><strong>\u00a0<\/strong><\/p>\n<p><strong>DIRETORES: <\/strong><\/p>\n<p>Dr. Nelson Hack de Souza(BRADESCO);<\/p>\n<p>Dr. Luiz Arthur Mendes Rocha (ITA\u00da-UNIBANCO);<\/p>\n<p>Dr. Ant\u00f4nio Carlos Muhlert e Silva (ITA\u00da-UNIBANCO);<\/p>\n<p>Dr. Francisco Caetano de Assis (BRADESCO)<\/p>\n<p>&nbsp;<\/p>\n<p><strong>NOSSA ESTRUTURA:<\/strong><\/p>\n\n\t\t<style type=\"text\/css\">\n\t\t\t#gallery-1 {\n\t\t\t\tmargin: auto;\n\t\t\t}\n\t\t\t#gallery-1 .gallery-item {\n\t\t\t\tfloat: left;\n\t\t\t\tmargin-top: 10px;\n\t\t\t\ttext-align: center;\n\t\t\t\twidth: 16%;\n\t\t\t}\n\t\t\t#gallery-1 img {\n\t\t\t\tborder: 2px solid #cfcfcf;\n\t\t\t}\n\t\t\t#gallery-1 .gallery-caption {\n\t\t\t\tmargin-left: 0;\n\t\t\t}\n\t\t\t\/* see gallery_shortcode() in wp-includes\/media.php *\/\n\t\t<\/style>\n\t\t<div id='gallery-1' class='gallery galleryid-2 gallery-columns-6 gallery-size-thumbnail'><dl class='gallery-item'>\n\t\t\t<dt class='gallery-icon landscape'>\n\t\t\t\t<a href='https:\/\/www.sindbancos.com.br\/wp-content\/uploads\/2019\/08\/IMG_2374.jpg'><img loading=\"lazy\" decoding=\"async\" width=\"150\" height=\"150\" src=\"https:\/\/www.sindbancos.com.br\/wp-content\/uploads\/2019\/08\/IMG_2374-150x150.jpg\" class=\"attachment-thumbnail size-thumbnail\" alt=\"\" srcset=\"https:\/\/www.sindbancos.com.br\/wp-content\/uploads\/2019\/08\/IMG_2374-150x150.jpg 150w, https:\/\/www.sindbancos.com.br\/wp-content\/uploads\/2019\/08\/IMG_2374-80x80.jpg 80w\" sizes=\"auto, (max-width: 150px) 100vw, 150px\" \/><\/a>\n\t\t\t<\/dt><\/dl><dl class='gallery-item'>\n\t\t\t<dt class='gallery-icon landscape'>\n\t\t\t\t<a href='https:\/\/www.sindbancos.com.br\/wp-content\/uploads\/2019\/08\/IMG_2375.jpg'><img loading=\"lazy\" decoding=\"async\" width=\"150\" height=\"150\" src=\"https:\/\/www.sindbancos.com.br\/wp-content\/uploads\/2019\/08\/IMG_2375-150x150.jpg\" class=\"attachment-thumbnail size-thumbnail\" alt=\"\" srcset=\"https:\/\/www.sindbancos.com.br\/wp-content\/uploads\/2019\/08\/IMG_2375-150x150.jpg 150w, https:\/\/www.sindbancos.com.br\/wp-content\/uploads\/2019\/08\/IMG_2375-80x80.jpg 80w\" sizes=\"auto, (max-width: 150px) 100vw, 150px\" \/><\/a>\n\t\t\t<\/dt><\/dl><dl class='gallery-item'>\n\t\t\t<dt class='gallery-icon landscape'>\n\t\t\t\t<a href='https:\/\/www.sindbancos.com.br\/wp-content\/uploads\/2019\/08\/IMG_2382.jpg'><img loading=\"lazy\" decoding=\"async\" width=\"150\" height=\"150\" src=\"https:\/\/www.sindbancos.com.br\/wp-content\/uploads\/2019\/08\/IMG_2382-150x150.jpg\" class=\"attachment-thumbnail size-thumbnail\" alt=\"\" srcset=\"https:\/\/www.sindbancos.com.br\/wp-content\/uploads\/2019\/08\/IMG_2382-150x150.jpg 150w, https:\/\/www.sindbancos.com.br\/wp-content\/uploads\/2019\/08\/IMG_2382-80x80.jpg 80w\" sizes=\"auto, (max-width: 150px) 100vw, 150px\" \/><\/a>\n\t\t\t<\/dt><\/dl><dl class='gallery-item'>\n\t\t\t<dt class='gallery-icon landscape'>\n\t\t\t\t<a href='https:\/\/www.sindbancos.com.br\/wp-content\/uploads\/2019\/08\/IMG_2388.jpg'><img loading=\"lazy\" decoding=\"async\" width=\"150\" height=\"150\" src=\"https:\/\/www.sindbancos.com.br\/wp-content\/uploads\/2019\/08\/IMG_2388-150x150.jpg\" class=\"attachment-thumbnail size-thumbnail\" alt=\"\" srcset=\"https:\/\/www.sindbancos.com.br\/wp-content\/uploads\/2019\/08\/IMG_2388-150x150.jpg 150w, https:\/\/www.sindbancos.com.br\/wp-content\/uploads\/2019\/08\/IMG_2388-80x80.jpg 80w\" sizes=\"auto, (max-width: 150px) 100vw, 150px\" \/><\/a>\n\t\t\t<\/dt><\/dl><dl class='gallery-item'>\n\t\t\t<dt class='gallery-icon landscape'>\n\t\t\t\t<a href='https:\/\/www.sindbancos.com.br\/wp-content\/uploads\/2019\/08\/IMG_2389.jpg'><img loading=\"lazy\" decoding=\"async\" width=\"150\" height=\"150\" src=\"https:\/\/www.sindbancos.com.br\/wp-content\/uploads\/2019\/08\/IMG_2389-150x150.jpg\" class=\"attachment-thumbnail size-thumbnail\" alt=\"\" srcset=\"https:\/\/www.sindbancos.com.br\/wp-content\/uploads\/2019\/08\/IMG_2389-150x150.jpg 150w, https:\/\/www.sindbancos.com.br\/wp-content\/uploads\/2019\/08\/IMG_2389-80x80.jpg 80w\" sizes=\"auto, (max-width: 150px) 100vw, 150px\" \/><\/a>\n\t\t\t<\/dt><\/dl>\n\t\t\t<br style='clear: both' \/>\n\t\t<\/div>\n\n","protected":false},"excerpt":{"rendered":"<p>Este Sindicato fundado em 1943, tem sido ao longo de sua hist\u00f3ria um ponto de converg\u00eancia dos interesses dos bancos, pelos quais tem uma extensa folha de servi\u00e7os e hist\u00f3ricas [&hellip;]<\/p>\n","protected":false},"author":1,"featured_media":50,"parent":0,"menu_order":0,"comment_status":"closed","ping_status":"open","template":"","meta":{"footnotes":""},"class_list":["post-2","page","type-page","status-publish","has-post-thumbnail","hentry"],"_links":{"self":[{"href":"https:\/\/www.sindbancos.com.br\/index.php?rest_route=\/wp\/v2\/pages\/2","targetHints":{"allow":["GET"]}}],"collection":[{"href":"https:\/\/www.sindbancos.com.br\/index.php?rest_route=\/wp\/v2\/pages"}],"about":[{"href":"https:\/\/www.sindbancos.com.br\/index.php?rest_route=\/wp\/v2\/types\/page"}],"author":[{"embeddable":true,"href":"https:\/\/www.sindbancos.com.br\/index.php?rest_route=\/wp\/v2\/users\/1"}],"replies":[{"embeddable":true,"href":"https:\/\/www.sindbancos.com.br\/index.php?rest_route=%2Fwp%2Fv2%2Fcomments&post=2"}],"version-history":[{"count":16,"href":"https:\/\/www.sindbancos.com.br\/index.php?rest_route=\/wp\/v2\/pages\/2\/revisions"}],"predecessor-version":[{"id":117,"href":"https:\/\/www.sindbancos.com.br\/index.php?rest_route=\/wp\/v2\/pages\/2\/revisions\/117"}],"wp:featuredmedia":[{"embeddable":true,"href":"https:\/\/www.sindbancos.com.br\/index.php?rest_route=\/wp\/v2\/media\/50"}],"wp:attachment":[{"href":"https:\/\/www.sindbancos.com.br\/index.php?rest_route=%2Fwp%2Fv2%2Fmedia&parent=2"}],"curies":[{"name":"wp","href":"https:\/\/api.w.org\/{rel}","templated":true}]}}