{"id":101,"date":"2019-08-02T15:20:36","date_gmt":"2019-08-02T18:20:36","guid":{"rendered":"http:\/\/www.sindbancos.com.br\/?page_id=101"},"modified":"2019-08-02T15:20:36","modified_gmt":"2019-08-02T18:20:36","slug":"servicos","status":"publish","type":"page","link":"https:\/\/www.sindbancos.com.br\/?page_id=101","title":{"rendered":"Servi\u00e7os"},"content":{"rendered":"<p><strong>CONVEN\u00c7\u00c3O COLETIVA DO TRABALHO:<\/strong><\/p>\n<p>&nbsp;<\/p>\n<p>O SINBANCOS, atrav\u00e9s da FENABAN, promove a negocia\u00e7\u00e3o da Conven\u00e7\u00e3o Coletiva de Trabalho, visando a concilia\u00e7\u00e3o dos acordos. O Sindicato representa seus associados com seriedade e efici\u00eancia, sempre visando os melhores resultados.<\/p>\n<p>Na maioria das vezes, um diss\u00eddio coletivo ocorre por conta do aumento salarial, e tamb\u00e9m pode ser conhecido como diss\u00eddio salarial. Quando as duas partes envolvidas n\u00e3o chegam a um acordo, a situa\u00e7\u00e3o \u00e9 encaminhada para a Justi\u00e7a do Trabalho.<\/p>\n<p>H\u00e1 diss\u00eddios coletivos de natureza econ\u00f4mica ou jur\u00eddica. Os de natureza econ\u00f4mica regulamentam os contratos individuais de trabalho, j\u00e1 os de natureza jur\u00eddica interpretam uma norma legal preexistente que, geralmente, \u00e9 costumeira ou resultante de acordo, conven\u00e7\u00e3o ou diss\u00eddio coletivo.<\/p>\n","protected":false},"excerpt":{"rendered":"<p>CONVEN\u00c7\u00c3O COLETIVA DO TRABALHO: &nbsp; O SINBANCOS, atrav\u00e9s da FENABAN, promove a negocia\u00e7\u00e3o da Conven\u00e7\u00e3o Coletiva de Trabalho, visando a concilia\u00e7\u00e3o dos acordos. O Sindicato representa seus associados com seriedade [&hellip;]<\/p>\n","protected":false},"author":1,"featured_media":0,"parent":0,"menu_order":0,"comment_status":"closed","ping_status":"closed","template":"","meta":{"footnotes":""},"class_list":["post-101","page","type-page","status-publish","hentry"],"_links":{"self":[{"href":"https:\/\/www.sindbancos.com.br\/index.php?rest_route=\/wp\/v2\/pages\/101","targetHints":{"allow":["GET"]}}],"collection":[{"href":"https:\/\/www.sindbancos.com.br\/index.php?rest_route=\/wp\/v2\/pages"}],"about":[{"href":"https:\/\/www.sindbancos.com.br\/index.php?rest_route=\/wp\/v2\/types\/page"}],"author":[{"embeddable":true,"href":"https:\/\/www.sindbancos.com.br\/index.php?rest_route=\/wp\/v2\/users\/1"}],"replies":[{"embeddable":true,"href":"https:\/\/www.sindbancos.com.br\/index.php?rest_route=%2Fwp%2Fv2%2Fcomments&post=101"}],"version-history":[{"count":1,"href":"https:\/\/www.sindbancos.com.br\/index.php?rest_route=\/wp\/v2\/pages\/101\/revisions"}],"predecessor-version":[{"id":102,"href":"https:\/\/www.sindbancos.com.br\/index.php?rest_route=\/wp\/v2\/pages\/101\/revisions\/102"}],"wp:attachment":[{"href":"https:\/\/www.sindbancos.com.br\/index.php?rest_route=%2Fwp%2Fv2%2Fmedia&parent=101"}],"curies":[{"name":"wp","href":"https:\/\/api.w.org\/{rel}","templated":true}]}}